{"id":10305,"date":"2026-01-19T10:07:05","date_gmt":"2026-01-19T09:07:05","guid":{"rendered":"http:\/\/www.paletten.at\/impressum\/"},"modified":"2026-01-22T17:38:00","modified_gmt":"2026-01-22T16:38:00","slug":"impressum","status":"publish","type":"page","link":"http:\/\/paletten.at\/it\/unternehmen\/impressum\/","title":{"rendered":"Colofone"},"content":{"rendered":"\n<div style=\"height:80px\" aria-hidden=\"true\" class=\"wp-block-spacer\"><\/div>\n\n\n\n<h1 class=\"wp-block-heading\">Colofone<\/h1>\n\n\n\n<p><strong>Colofone Indirizzo della ditta:<\/strong><br><strong>Konrad Brunner GmbH<\/strong><br>Gradnitztalweg 6<br>3910 Zwettl<br><br>Tel: + 43 2822 52401-0<br>E-Mail: <a href=\"mailto:office@paletten.at\">office@paletten.at<\/a> \u00a0<br>Web: <a href=\"https:\/\/www.paletten.at\">www.paletten.at<\/a> \u00a0<br><br><strong>Unternehmensgegenstand\/Gewerbeberechtigung:<\/strong>\u00a0Fabriksm\u00e4\u00dfiger Betrieb eines S\u00e4gewerkes und fabriksm\u00e4\u00dfige Erzeugung von Kisten, Industriebetrieb (GISA-Zahl: 14830440)<br><br><strong>Firmenbuchnummer:\u00a0<\/strong>32781 h<br><strong>Firmenbuchgericht:\u00a0<\/strong>Landesgericht Krems an der Donau<br><strong>UID Nummer:<\/strong>\u00a0ATU20748001<br><br>Mitglied der Wirtschaftskammerorganisation, Sparte Industrie, Fachgruppe S\u00e4geindustrie, Holzverarbeitende Industrie<br><br>Wichtige anwendbare Rechtsvorschriften sind insbesondere das Unternehmensgesetzbuch (UGB) sowie das GmbH-Gesetz (GmbHG) in der jeweils g\u00fcltigen Fassung, abrufbar unter www.ris.bka.gv.at.<br><br><strong>Zust\u00e4ndige Beh\u00f6rde:<\/strong>\u00a0Bezirkshauptmannschaft Zwettl<br><br><strong>Gesch\u00e4ftsf\u00fchrer:<\/strong>\u00a0Walter Minihold, Roland H\u00f6chtl<\/p>\n\n\n\n<p>Camera:\u00a0<a href=\"https:\/\/firmen.wko.at\/Web\/DetailsKontakt.aspx?FirmaID=2B7080B9-FAB9-43CA-B557-22419B497EB7&#038;AspxAutoDetectCookieSupport=1\" target=\"_blank\" rel=\"noreferrer noopener\">Wirtschaftskammer\u00a0<\/a>Fachgruppe S\u00e4geindustrie, Holzverarbeitende Industrie\u00a0<br>Condizioni di contratto:\u00a0<a href=\"http:\/\/www.wienerborse.at\/\" target=\"_blank\" rel=\"noreferrer noopener\">\u00d6sterreichische Holzhandelsusancen\/Wiener B\u00f6rse<\/a><br><br><\/p>\n\n\n\n<div style=\"height:80px\" aria-hidden=\"true\" class=\"wp-block-spacer\"><\/div>\n","protected":false},"excerpt":{"rendered":"<p>Colofone Colofone Indirizzo della ditta:Konrad Brunner GmbHGradnitztalweg 63910 Zwettl Tel: + 43 2822 52401-0E-Mail: office@paletten.at \u00a0Web: www.paletten.at \u00a0 Unternehmensgegenstand\/Gewerbeberechtigung:\u00a0Fabriksm\u00e4\u00dfiger Betrieb eines S\u00e4gewerkes und fabriksm\u00e4\u00dfige Erzeugung von Kisten, Industriebetrieb (GISA-Zahl: 14830440) Firmenbuchnummer:\u00a032781 hFirmenbuchgericht:\u00a0Landesgericht Krems an der DonauUID Nummer:\u00a0ATU20748001 Mitglied der Wirtschaftskammerorganisation, Sparte Industrie, Fachgruppe S\u00e4geindustrie, Holzverarbeitende Industrie Wichtige anwendbare Rechtsvorschriften sind insbesondere das Unternehmensgesetzbuch (UGB) sowie &hellip; <\/p>\n<p class=\"link-more\"><a href=\"http:\/\/paletten.at\/it\/unternehmen\/impressum\/\" class=\"more-link\">Leggi tutto<span class=\"screen-reader-text\"> &#8220;Colofone&#8221;<\/span><\/a><\/p>\n","protected":false},"author":1,"featured_media":0,"parent":10307,"menu_order":7,"comment_status":"closed","ping_status":"closed","template":"","meta":{"_themeisle_gutenberg_block_has_review":false,"footnotes":""},"class_list":["post-10305","page","type-page","status-publish","hentry"],"yoast_head":"<!-- This site is optimized with the Yoast SEO plugin v27.0 - https:\/\/yoast.com\/product\/yoast-seo-wordpress\/ -->\n<title>Colofone<\/title>\n<meta name=\"robots\" content=\"index, follow, max-snippet:-1, max-image-preview:large, max-video-preview:-1\" \/>\n<link rel=\"canonical\" href=\"https:\/\/paletten.at\/unternehmen\/impressum\/\" \/>\n<meta property=\"og:locale\" content=\"it_IT\" \/>\n<meta property=\"og:locale:alternate\" content=\"de_DE_formal\" \/>\n<meta property=\"og:locale:alternate\" content=\"en_EN\" \/>\n<meta property=\"og:type\" content=\"article\" \/>\n<meta property=\"og:title\" content=\"Colofone\" \/>\n<meta property=\"og:description\" content=\"Colofone Colofone Indirizzo della ditta:Konrad Brunner GmbHGradnitztalweg 63910 Zwettl Tel: + 43 2822 52401-0E-Mail: office@paletten.at \u00a0Web: www.paletten.at \u00a0 Unternehmensgegenstand\/Gewerbeberechtigung:\u00a0Fabriksm\u00e4\u00dfiger Betrieb eines S\u00e4gewerkes und fabriksm\u00e4\u00dfige Erzeugung von Kisten, Industriebetrieb (GISA-Zahl: 14830440) Firmenbuchnummer:\u00a032781 hFirmenbuchgericht:\u00a0Landesgericht Krems an der DonauUID Nummer:\u00a0ATU20748001 Mitglied der Wirtschaftskammerorganisation, Sparte Industrie, Fachgruppe S\u00e4geindustrie, Holzverarbeitende Industrie Wichtige anwendbare Rechtsvorschriften sind insbesondere das Unternehmensgesetzbuch (UGB) sowie &hellip; Leggi tutto &quot;Colofone&quot;\" \/>\n<meta property=\"og:url\" content=\"http:\/\/paletten.at\/it\/unternehmen\/impressum\/\" \/>\n<meta property=\"og:site_name\" content=\"Paletten Brunner\" \/>\n<meta property=\"article:modified_time\" content=\"2026-01-22T16:38:00+00:00\" \/>\n<meta name=\"twitter:card\" content=\"summary_large_image\" \/>\n<meta name=\"twitter:label1\" content=\"Tempo di lettura stimato\" \/>\n\t<meta name=\"twitter:data1\" content=\"2 minuti\" \/>\n<script type=\"application\/ld+json\" class=\"yoast-schema-graph\">{\"@context\":\"https:\/\/schema.org\",\"@graph\":[{\"@type\":\"WebPage\",\"@id\":\"https:\/\/paletten.at\/unternehmen\/impressum\/\",\"url\":\"https:\/\/paletten.at\/unternehmen\/impressum\/\",\"name\":\"Colofone\",\"isPartOf\":{\"@id\":\"https:\/\/paletten.at\/#website\"},\"datePublished\":\"2026-01-19T09:07:05+00:00\",\"dateModified\":\"2026-01-22T16:38:00+00:00\",\"breadcrumb\":{\"@id\":\"https:\/\/paletten.at\/unternehmen\/impressum\/#breadcrumb\"},\"inLanguage\":\"it-IT\",\"potentialAction\":[{\"@type\":\"ReadAction\",\"target\":[\"https:\/\/paletten.at\/unternehmen\/impressum\/\"]}]},{\"@type\":\"BreadcrumbList\",\"@id\":\"https:\/\/paletten.at\/unternehmen\/impressum\/#breadcrumb\",\"itemListElement\":[{\"@type\":\"ListItem\",\"position\":1,\"name\":\"Start\",\"item\":\"https:\/\/paletten.at\/\"},{\"@type\":\"ListItem\",\"position\":2,\"name\":\"Unternehmen\",\"item\":\"https:\/\/paletten.at\/unternehmen\/\"},{\"@type\":\"ListItem\",\"position\":3,\"name\":\"Impressum\"}]},{\"@type\":\"WebSite\",\"@id\":\"https:\/\/paletten.at\/#website\",\"url\":\"https:\/\/paletten.at\/\",\"name\":\"Paletten Brunner\",\"description\":\"\",\"publisher\":{\"@id\":\"https:\/\/paletten.at\/#organization\"},\"potentialAction\":[{\"@type\":\"SearchAction\",\"target\":{\"@type\":\"EntryPoint\",\"urlTemplate\":\"https:\/\/paletten.at\/?s={search_term_string}\"},\"query-input\":{\"@type\":\"PropertyValueSpecification\",\"valueRequired\":true,\"valueName\":\"search_term_string\"}}],\"inLanguage\":\"it-IT\"},{\"@type\":\"Organization\",\"@id\":\"https:\/\/paletten.at\/#organization\",\"name\":\"Paletten Brunner\",\"url\":\"https:\/\/paletten.at\/\",\"logo\":{\"@type\":\"ImageObject\",\"inLanguage\":\"it-IT\",\"@id\":\"https:\/\/paletten.at\/#\/schema\/logo\/image\/\",\"url\":\"http:\/\/paletten.at\/wp-content\/uploads\/2026\/01\/KonradBrunner-Logo.jpg\",\"contentUrl\":\"http:\/\/paletten.at\/wp-content\/uploads\/2026\/01\/KonradBrunner-Logo.jpg\",\"width\":583,\"height\":417,\"caption\":\"Paletten Brunner\"},\"image\":{\"@id\":\"https:\/\/paletten.at\/#\/schema\/logo\/image\/\"}}]}<\/script>\n<!-- \/ Yoast SEO plugin. -->","yoast_head_json":{"title":"Colofone","robots":{"index":"index","follow":"follow","max-snippet":"max-snippet:-1","max-image-preview":"max-image-preview:large","max-video-preview":"max-video-preview:-1"},"canonical":"https:\/\/paletten.at\/unternehmen\/impressum\/","og_locale":"it_IT","og_type":"article","og_title":"[:de]Impressum[:en]imprint[:it]Colofone[:] - Paletten Brunner","og_description":"Colofone Colofone Indirizzo della ditta:Konrad Brunner GmbHGradnitztalweg 63910 Zwettl Tel: + 43 2822 52401-0E-Mail: office@paletten.at \u00a0Web: www.paletten.at \u00a0 Unternehmensgegenstand\/Gewerbeberechtigung:\u00a0Fabriksm\u00e4\u00dfiger Betrieb eines S\u00e4gewerkes und fabriksm\u00e4\u00dfige Erzeugung von Kisten, Industriebetrieb (GISA-Zahl: 14830440) Firmenbuchnummer:\u00a032781 hFirmenbuchgericht:\u00a0Landesgericht Krems an der DonauUID Nummer:\u00a0ATU20748001 Mitglied der Wirtschaftskammerorganisation, Sparte Industrie, Fachgruppe S\u00e4geindustrie, Holzverarbeitende Industrie Wichtige anwendbare Rechtsvorschriften sind insbesondere das Unternehmensgesetzbuch (UGB) sowie &hellip; Leggi tutto \"Colofone\"","og_url":"http:\/\/paletten.at\/it\/unternehmen\/impressum\/","og_site_name":"Paletten Brunner","article_modified_time":"2026-01-22T16:38:00+00:00","twitter_card":"summary_large_image","twitter_misc":{"Tempo di lettura stimato":"2 minuti"},"schema":{"@context":"https:\/\/schema.org","@graph":[{"@type":"WebPage","@id":"https:\/\/paletten.at\/unternehmen\/impressum\/","url":"https:\/\/paletten.at\/unternehmen\/impressum\/","name":"Colofone","isPartOf":{"@id":"https:\/\/paletten.at\/#website"},"datePublished":"2026-01-19T09:07:05+00:00","dateModified":"2026-01-22T16:38:00+00:00","breadcrumb":{"@id":"https:\/\/paletten.at\/unternehmen\/impressum\/#breadcrumb"},"inLanguage":"it-IT","potentialAction":[{"@type":"ReadAction","target":["https:\/\/paletten.at\/unternehmen\/impressum\/"]}]},{"@type":"BreadcrumbList","@id":"https:\/\/paletten.at\/unternehmen\/impressum\/#breadcrumb","itemListElement":[{"@type":"ListItem","position":1,"name":"Start","item":"https:\/\/paletten.at\/"},{"@type":"ListItem","position":2,"name":"Unternehmen","item":"https:\/\/paletten.at\/unternehmen\/"},{"@type":"ListItem","position":3,"name":"Impressum"}]},{"@type":"WebSite","@id":"https:\/\/paletten.at\/#website","url":"https:\/\/paletten.at\/","name":"Paletten Brunner","description":"","publisher":{"@id":"https:\/\/paletten.at\/#organization"},"potentialAction":[{"@type":"SearchAction","target":{"@type":"EntryPoint","urlTemplate":"https:\/\/paletten.at\/?s={search_term_string}"},"query-input":{"@type":"PropertyValueSpecification","valueRequired":true,"valueName":"search_term_string"}}],"inLanguage":"it-IT"},{"@type":"Organization","@id":"https:\/\/paletten.at\/#organization","name":"Paletten Brunner","url":"https:\/\/paletten.at\/","logo":{"@type":"ImageObject","inLanguage":"it-IT","@id":"https:\/\/paletten.at\/#\/schema\/logo\/image\/","url":"http:\/\/paletten.at\/wp-content\/uploads\/2026\/01\/KonradBrunner-Logo.jpg","contentUrl":"http:\/\/paletten.at\/wp-content\/uploads\/2026\/01\/KonradBrunner-Logo.jpg","width":583,"height":417,"caption":"Paletten Brunner"},"image":{"@id":"https:\/\/paletten.at\/#\/schema\/logo\/image\/"}}]}},"_links":{"self":[{"href":"http:\/\/paletten.at\/it\/wp-json\/wp\/v2\/pages\/10305","targetHints":{"allow":["GET"]}}],"collection":[{"href":"http:\/\/paletten.at\/it\/wp-json\/wp\/v2\/pages"}],"about":[{"href":"http:\/\/paletten.at\/it\/wp-json\/wp\/v2\/types\/page"}],"author":[{"embeddable":true,"href":"http:\/\/paletten.at\/it\/wp-json\/wp\/v2\/users\/1"}],"replies":[{"embeddable":true,"href":"http:\/\/paletten.at\/it\/wp-json\/wp\/v2\/comments?post=10305"}],"version-history":[{"count":8,"href":"http:\/\/paletten.at\/it\/wp-json\/wp\/v2\/pages\/10305\/revisions"}],"predecessor-version":[{"id":10844,"href":"http:\/\/paletten.at\/it\/wp-json\/wp\/v2\/pages\/10305\/revisions\/10844"}],"up":[{"embeddable":true,"href":"http:\/\/paletten.at\/it\/wp-json\/wp\/v2\/pages\/10307"}],"wp:attachment":[{"href":"http:\/\/paletten.at\/it\/wp-json\/wp\/v2\/media?parent=10305"}],"curies":[{"name":"wp","href":"https:\/\/api.w.org\/{rel}","templated":true}]}}